	{"id":11292,"date":"2025-02-19T06:19:01","date_gmt":"2025-02-19T06:19:01","guid":{"rendered":"https:\/\/escortprague.agency\/?page_id=11292"},"modified":"2025-02-24T09:09:17","modified_gmt":"2025-02-24T09:09:17","slug":"account-login","status":"publish","type":"page","link":"https:\/\/escortprague.agency\/cs\/account-login\/","title":{"rendered":"P\u0159ihl\u00e1\u0161en\u00ed"},"content":{"rendered":"<div data-elementor-type=\"wp-page\" data-elementor-id=\"11292\" class=\"elementor elementor-11292\" data-elementor-post-type=\"page\">\n\t\t\t\t<div class=\"elementor-element elementor-element-d196ea9 e-flex e-con-boxed e-con e-parent\" data-id=\"d196ea9\" data-element_type=\"container\" data-settings=\"{&quot;background_background&quot;:&quot;classic&quot;}\">\n\t\t\t\t\t<div class=\"e-con-inner\">\n\t\t\t\t\t<\/div>\n\t\t\t\t<\/div>\n\t\t<div class=\"elementor-element elementor-element-d042ef5 e-flex e-con-boxed e-con e-parent\" data-id=\"d042ef5\" data-element_type=\"container\">\n\t\t\t\t\t<div class=\"e-con-inner\">\n\t\t<div class=\"elementor-element elementor-element-97308ac e-con-full e-flex e-con e-child\" data-id=\"97308ac\" data-element_type=\"container\">\n\t\t\t\t<div class=\"elementor-element elementor-element-1f4a04b elementor-widget elementor-widget-heading\" data-id=\"1f4a04b\" data-element_type=\"widget\" data-widget_type=\"heading.default\">\n\t\t\t\t<div class=\"elementor-widget-container\">\n\t\t\t\t\t<h2 class=\"elementor-heading-title elementor-size-default\">P\u0159ihl\u00e1\u0161en\u00ed<\/h2>\t\t\t\t<\/div>\n\t\t\t\t<\/div>\n\t\t\t\t<div class=\"elementor-element elementor-element-928eb83 login-form elementor-widget elementor-widget-shortcode\" data-id=\"928eb83\" data-element_type=\"widget\" data-widget_type=\"shortcode.default\">\n\t\t\t\t<div class=\"elementor-widget-container\">\n\t\t\t\t\t\t\t<div class=\"elementor-shortcode\">    <form method=\"post\" action=\"https:\/\/escortprague.agency\/cs\/account-login\/\" data-trp-original-action=\"https:\/\/escortprague.agency\/account-login\/\">\n        <p class=\"login-input\">\n            <label for=\"user_login\">U\u017eivatelsk\u00e9 jm\u00e9no:<\/label>\n            <input type=\"text\" name=\"log\" id=\"user_login\" value=\"\" required \/>\n        <\/p>\n        <p class=\"login-input\">\n            <label for=\"user_pass\">Heslo:<\/label>\n            <input type=\"password\" name=\"pwd\" id=\"user_pass\" value=\"\" required \/>\n        <\/p>\n        <p class=\"login-input\">\n            <label for=\"rememberme\">\n                <input type=\"checkbox\" name=\"rememberme\" id=\"rememberme\" value=\"forever\" \/> Pamatuj si m\u011b\n            <\/label>\n        <\/p>\n        <p class=\"login-input\">\n            <input type=\"submit\" value=\"P\u0159ihl\u00e1\u0161en\u00ed\" \/>\n        <\/p>\n    <input type=\"hidden\" name=\"trp-form-language\" value=\"cs\"\/><\/form>\n    <\/div>\n\t\t\t\t\t\t<\/div>\n\t\t\t\t<\/div>\n\t\t\t\t<\/div>\n\t\t<div class=\"elementor-element elementor-element-24634d5 e-con-full e-flex e-con e-child\" data-id=\"24634d5\" data-element_type=\"container\" data-settings=\"{&quot;background_background&quot;:&quot;classic&quot;}\">\n\t\t\t\t<div class=\"elementor-element elementor-element-f598048 elementor-widget elementor-widget-heading\" data-id=\"f598048\" data-element_type=\"widget\" data-widget_type=\"heading.default\">\n\t\t\t\t<div class=\"elementor-widget-container\">\n\t\t\t\t\t<h2 class=\"elementor-heading-title elementor-size-default\">Registrace<\/h2>\t\t\t\t<\/div>\n\t\t\t\t<\/div>\n\t\t\t\t<div class=\"elementor-element elementor-element-7eafb95 elementor-widget elementor-widget-text-editor\" data-id=\"7eafb95\" data-element_type=\"widget\" data-widget_type=\"text-editor.default\">\n\t\t\t\t<div class=\"elementor-widget-container\">\n\t\t\t\t\t\t\t\t\tNem\u00e1te \u00fa\u010det? Zaregistrujte se nyn\u00ed!\t\t\t\t\t\t\t\t<\/div>\n\t\t\t\t<\/div>\n\t\t\t\t<div class=\"elementor-element elementor-element-d85f6aa elementor-widget elementor-widget-button\" data-id=\"d85f6aa\" data-element_type=\"widget\" data-widget_type=\"button.default\">\n\t\t\t\t<div class=\"elementor-widget-container\">\n\t\t\t\t\t\t\t\t\t<div class=\"elementor-button-wrapper\">\n\t\t\t\t\t<a class=\"elementor-button elementor-button-link elementor-size-sm\" href=\"https:\/\/escortprague.agency\/cs\/account-registration\/\">\n\t\t\t\t\t\t<span class=\"elementor-button-content-wrapper\">\n\t\t\t\t\t\t\t\t\t<span class=\"elementor-button-text\">Registrace<\/span>\n\t\t\t\t\t<\/span>\n\t\t\t\t\t<\/a>\n\t\t\t\t<\/div>\n\t\t\t\t\t\t\t\t<\/div>\n\t\t\t\t<\/div>\n\t\t\t\t<\/div>\n\t\t\t\t\t<\/div>\n\t\t\t\t<\/div>\n\t\t\t\t<\/div>","protected":false},"excerpt":{"rendered":"<p>P\u0159ihl\u00e1sit se Registrovat Nem\u00e1te \u00fa\u010det? Zaregistrujte se nyn\u00ed! Registrace<\/p>","protected":false},"author":1,"featured_media":0,"parent":0,"menu_order":0,"comment_status":"closed","ping_status":"closed","template":"elementor_header_footer","meta":{"_acf_changed":false,"footnotes":""},"class_list":["post-11292","page","type-page","status-publish","hentry"],"acf":[],"_links":{"self":[{"href":"https:\/\/escortprague.agency\/cs\/wp-json\/wp\/v2\/pages\/11292","targetHints":{"allow":["GET"]}}],"collection":[{"href":"https:\/\/escortprague.agency\/cs\/wp-json\/wp\/v2\/pages"}],"about":[{"href":"https:\/\/escortprague.agency\/cs\/wp-json\/wp\/v2\/types\/page"}],"author":[{"embeddable":true,"href":"https:\/\/escortprague.agency\/cs\/wp-json\/wp\/v2\/users\/1"}],"replies":[{"embeddable":true,"href":"https:\/\/escortprague.agency\/cs\/wp-json\/wp\/v2\/comments?post=11292"}],"version-history":[{"count":36,"href":"https:\/\/escortprague.agency\/cs\/wp-json\/wp\/v2\/pages\/11292\/revisions"}],"predecessor-version":[{"id":11481,"href":"https:\/\/escortprague.agency\/cs\/wp-json\/wp\/v2\/pages\/11292\/revisions\/11481"}],"wp:attachment":[{"href":"https:\/\/escortprague.agency\/cs\/wp-json\/wp\/v2\/media?parent=11292"}],"curies":[{"name":"wp","href":"https:\/\/api.w.org\/{rel}","templated":true}]}}