	{"id":11303,"date":"2025-02-19T06:24:43","date_gmt":"2025-02-19T06:24:43","guid":{"rendered":"https:\/\/escortprague.agency\/?page_id=11303"},"modified":"2025-02-24T09:08:22","modified_gmt":"2025-02-24T09:08:22","slug":"account-registration","status":"publish","type":"page","link":"https:\/\/escortprague.agency\/cs\/account-registration\/","title":{"rendered":"Registrace \u00fa\u010dtu"},"content":{"rendered":"<div data-elementor-type=\"wp-page\" data-elementor-id=\"11303\" class=\"elementor elementor-11303\" data-elementor-post-type=\"page\">\n\t\t\t\t<div class=\"elementor-element elementor-element-36c6a31 e-flex e-con-boxed e-con e-parent\" data-id=\"36c6a31\" data-element_type=\"container\" data-settings=\"{&quot;background_background&quot;:&quot;classic&quot;}\">\n\t\t\t\t\t<div class=\"e-con-inner\">\n\t\t\t\t\t<\/div>\n\t\t\t\t<\/div>\n\t\t<div class=\"elementor-element elementor-element-b3296b0 e-flex e-con-boxed e-con e-parent\" data-id=\"b3296b0\" data-element_type=\"container\">\n\t\t\t\t\t<div class=\"e-con-inner\">\n\t\t\t\t<div class=\"elementor-element elementor-element-e8aa7e0 elementor-widget elementor-widget-heading\" data-id=\"e8aa7e0\" data-element_type=\"widget\" data-widget_type=\"heading.default\">\n\t\t\t\t<div class=\"elementor-widget-container\">\n\t\t\t\t\t<h2 class=\"elementor-heading-title elementor-size-default\">Registrace<\/h2>\t\t\t\t<\/div>\n\t\t\t\t<\/div>\n\t\t\t\t<div class=\"elementor-element elementor-element-e85e883 registration-form elementor-widget elementor-widget-shortcode\" data-id=\"e85e883\" data-element_type=\"widget\" data-widget_type=\"shortcode.default\">\n\t\t\t\t<div class=\"elementor-widget-container\">\n\t\t\t\t\t\t\t<div class=\"elementor-shortcode\"><form method=\"post\" action=\"https:\/\/escortprague.agency\/cs\/account-registration\/\" data-trp-original-action=\"https:\/\/escortprague.agency\/account-registration\/\">\n        <p class=\"reg-input\">\n            <label for=\"username\">U\u017eivatelsk\u00e9 jm\u00e9no:<\/label>\n            <input type=\"text\" name=\"username\" id=\"username\" required \/>\n        <\/p>\n        <p class=\"reg-input\">\n            <label for=\"email\">E-mail:<\/label>\n            <input type=\"email\" name=\"email\" id=\"email\" required \/>\n        <\/p>\n        <p class=\"reg-input\">\n            <label for=\"password\">Heslo:<\/label>\n            <input type=\"password\" name=\"password\" id=\"password\" required \/>\n        <\/p>\n        <p class=\"reg-input\">\n            <label for=\"confirm_password\">Potvrzen\u00ed hesla:<\/label>\n            <input type=\"password\" name=\"confirm_password\" id=\"confirm_password\" required \/>\n        <\/p>\n        <p class=\"reg-input\">\n            <input type=\"submit\" value=\"Registrace\" \/>\n        <\/p>\n    <input type=\"hidden\" name=\"trp-form-language\" value=\"cs\"\/><\/form><\/div>\n\t\t\t\t\t\t<\/div>\n\t\t\t\t<\/div>\n\t\t\t\t<div class=\"elementor-element elementor-element-c5b8929 elementor-widget elementor-widget-text-editor\" data-id=\"c5b8929\" data-element_type=\"widget\" data-widget_type=\"text-editor.default\">\n\t\t\t\t<div class=\"elementor-widget-container\">\n\t\t\t\t\t\t\t\t\tU\u017e m\u00e1te \u00fa\u010det? <a class=\"lg-in-lnk\" href=\"https:\/\/escortprague.agency\/cs\/account-login\/\">P\u0159ihl\u00e1\u0161en\u00ed <\/a> \t\t\t\t\t\t\t\t<\/div>\n\t\t\t\t<\/div>\n\t\t\t\t\t<\/div>\n\t\t\t\t<\/div>\n\t\t\t\t<\/div>","protected":false},"excerpt":{"rendered":"<p>Registrace U\u017e m\u00e1te \u00fa\u010det? P\u0159ihlaste se<\/p>","protected":false},"author":1,"featured_media":0,"parent":0,"menu_order":0,"comment_status":"closed","ping_status":"closed","template":"elementor_header_footer","meta":{"_acf_changed":false,"footnotes":""},"class_list":["post-11303","page","type-page","status-publish","hentry"],"acf":[],"_links":{"self":[{"href":"https:\/\/escortprague.agency\/cs\/wp-json\/wp\/v2\/pages\/11303","targetHints":{"allow":["GET"]}}],"collection":[{"href":"https:\/\/escortprague.agency\/cs\/wp-json\/wp\/v2\/pages"}],"about":[{"href":"https:\/\/escortprague.agency\/cs\/wp-json\/wp\/v2\/types\/page"}],"author":[{"embeddable":true,"href":"https:\/\/escortprague.agency\/cs\/wp-json\/wp\/v2\/users\/1"}],"replies":[{"embeddable":true,"href":"https:\/\/escortprague.agency\/cs\/wp-json\/wp\/v2\/comments?post=11303"}],"version-history":[{"count":29,"href":"https:\/\/escortprague.agency\/cs\/wp-json\/wp\/v2\/pages\/11303\/revisions"}],"predecessor-version":[{"id":11479,"href":"https:\/\/escortprague.agency\/cs\/wp-json\/wp\/v2\/pages\/11303\/revisions\/11479"}],"wp:attachment":[{"href":"https:\/\/escortprague.agency\/cs\/wp-json\/wp\/v2\/media?parent=11303"}],"curies":[{"name":"wp","href":"https:\/\/api.w.org\/{rel}","templated":true}]}}