	{"id":11509,"date":"2025-02-24T11:27:21","date_gmt":"2025-02-24T11:27:21","guid":{"rendered":"https:\/\/escortprague.agency\/?page_id=11509"},"modified":"2025-02-24T11:42:00","modified_gmt":"2025-02-24T11:42:00","slug":"imprint","status":"publish","type":"page","link":"https:\/\/escortprague.agency\/cs\/imprint\/","title":{"rendered":"Otisk"},"content":{"rendered":"<!-- Legal document generated by Complianz | GDPR\/CCPA Cookie Consent https:\/\/wordpress.org\/plugins\/complianz-gdpr -->\n<div id=\"cmplz-document\" class=\"cmplz-document impressum cmplz-document-all\"><\/div>\n<h5>Imprint \/ Pr\u00e1vn\u00ed upozorn\u011bn\u00ed<\/h5>\n<p><span class=\"cmplz-contact-organisation\">Doprovod Praha<\/span><br \/>\n<span class=\"cmplz-contact-address\">Praha 2, Argentinsk\u00e1 32<\/span><br \/>\n<span class=\"cmplz-contact-country\">\u010cesk\u00e1 Republika<\/span><br \/>\nWebov\u00e9 str\u00e1nky:\u00a0<span class=\"cmplz-contact-domain\"><a href=\"https:\/\/escortprague.agency\/cs\/\">https:\/\/escortprague.agency<\/a><\/span><br \/>\nE-mail:\u00a0<span class=\"cmplz-contact-email\">pragueagency777@gmail.com<\/span><br \/>\n<span class=\"cmplz-contact-telephone\">Telefonn\u00ed \u010d\u00edslo: +420 721 899 877<\/span><\/p>\n<h5>Odm\u00edtnut\u00ed odpov\u011bdnosti<\/h5>\n<p>Odpov\u011bdnost za obsah:<br \/>\nObsah t\u011bchto webov\u00fdch str\u00e1nek slou\u017e\u00ed pouze pro obecn\u00e9 informa\u010dn\u00ed \u00fa\u010dely. Sna\u017e\u00edme se o p\u0159esnost a aktu\u00e1lnost informac\u00ed, nem\u016f\u017eeme v\u0161ak zaru\u010dit \u00faplnost, spr\u00e1vnost nebo aktu\u00e1lnost obsahu. Pou\u017e\u00edv\u00e1te jej na vlastn\u00ed nebezpe\u010d\u00ed.<\/p>\n<p>Extern\u00ed odkazy:<br \/>\nNa\u0161e webov\u00e9 str\u00e1nky obsahuj\u00ed odkazy na extern\u00ed webov\u00e9 str\u00e1nky, nad kter\u00fdmi nem\u00e1me kontrolu. Proto za obsah t\u011bchto extern\u00edch str\u00e1nek neneseme \u017e\u00e1dnou odpov\u011bdnost. Za\u0159azen\u00ed jak\u00fdchkoli odkaz\u016f nemus\u00ed nutn\u011b znamenat doporu\u010den\u00ed nebo podporu n\u00e1zor\u016f na nich vyj\u00e1d\u0159en\u00fdch.<\/p>\n<p>Autorsk\u00e1 pr\u00e1va:<br \/>\nVe\u0161ker\u00fd obsah a d\u00edla na t\u011bchto webov\u00fdch str\u00e1nk\u00e1ch vytvo\u0159en\u00e1 provozovatelem webov\u00fdch str\u00e1nek podl\u00e9haj\u00ed autorsk\u00fdm pr\u00e1v\u016fm. Kop\u00edrov\u00e1n\u00ed, zpracov\u00e1n\u00ed, \u0161\u00ed\u0159en\u00ed nebo jak\u00e1koli forma komercializace t\u011bchto materi\u00e1l\u016f nad r\u00e1mec autorsk\u00e9ho z\u00e1kona je bez p\u0159edchoz\u00edho p\u00edsemn\u00e9ho souhlasu zak\u00e1z\u00e1na.<\/p>\n<p>Omezen\u00ed odpov\u011bdnosti<br \/>\nI p\u0159es pe\u010dlivou kontrolu obsahu nep\u0159eb\u00edr\u00e1me \u017e\u00e1dnou odpov\u011bdnost za obsah extern\u00edch odkaz\u016f. Za obsah odkazovan\u00fdch str\u00e1nek je v\u017edy odpov\u011bdn\u00fd jejich poskytovatel nebo provozovatel.<\/p>","protected":false},"excerpt":{"rendered":"<p>Impressum \/ Pr\u00e1vn\u00ed upozorn\u011bn\u00ed Escort Prague Praha 2, Argentinska 32 \u010cesk\u00e1 republika Webov\u00e9 str\u00e1nky: https:\/\/escortprague.agency E-mail: pragueagency777@gmail.com Telefonn\u00ed \u010d\u00edslo: +420 721 899 877 Prohl\u00e1\u0161en\u00ed o vylou\u010den\u00ed odpov\u011bdnosti za obsah: Obsah poskytovan\u00fd na t\u011bchto webov\u00fdch str\u00e1nk\u00e1ch je ur\u010den pouze pro obecn\u00e9 informa\u010dn\u00ed \u00fa\u010dely. Sna\u017e\u00edme se o p\u0159esnost a aktu\u00e1lnost informac\u00ed, nem\u016f\u017eeme v\u0161ak zaru\u010dit \u00faplnost, spr\u00e1vnost a aktu\u00e1lnost obsahu. Pou\u017eit\u00ed [...]<\/p>","protected":false},"author":2,"featured_media":0,"parent":0,"menu_order":0,"comment_status":"closed","ping_status":"closed","template":"","meta":{"_acf_changed":false,"footnotes":""},"class_list":["post-11509","page","type-page","status-publish","hentry"],"acf":[],"_links":{"self":[{"href":"https:\/\/escortprague.agency\/cs\/wp-json\/wp\/v2\/pages\/11509","targetHints":{"allow":["GET"]}}],"collection":[{"href":"https:\/\/escortprague.agency\/cs\/wp-json\/wp\/v2\/pages"}],"about":[{"href":"https:\/\/escortprague.agency\/cs\/wp-json\/wp\/v2\/types\/page"}],"author":[{"embeddable":true,"href":"https:\/\/escortprague.agency\/cs\/wp-json\/wp\/v2\/users\/2"}],"replies":[{"embeddable":true,"href":"https:\/\/escortprague.agency\/cs\/wp-json\/wp\/v2\/comments?post=11509"}],"version-history":[{"count":8,"href":"https:\/\/escortprague.agency\/cs\/wp-json\/wp\/v2\/pages\/11509\/revisions"}],"predecessor-version":[{"id":11517,"href":"https:\/\/escortprague.agency\/cs\/wp-json\/wp\/v2\/pages\/11509\/revisions\/11517"}],"wp:attachment":[{"href":"https:\/\/escortprague.agency\/cs\/wp-json\/wp\/v2\/media?parent=11509"}],"curies":[{"name":"wp","href":"https:\/\/api.w.org\/{rel}","templated":true}]}}