	{"id":9067,"date":"2022-10-06T10:08:26","date_gmt":"2022-10-06T10:08:26","guid":{"rendered":"https:\/\/qiupid.modeltheme.com\/?page_id=3"},"modified":"2025-02-24T11:44:20","modified_gmt":"2025-02-24T11:44:20","slug":"privacy-policy","status":"publish","type":"page","link":"https:\/\/escortprague.agency\/cs\/privacy-policy\/","title":{"rendered":"Z\u00e1sady Ochrany Osobn\u00edch \u00dadaj\u016f"},"content":{"rendered":"<h5 class=\"wp-block-heading\" data-start=\"319\" data-end=\"345\"><strong data-start=\"319\" data-end=\"345\">1. P\u0159ehled ochrany osobn\u00edch \u00fadaj\u016f<\/strong><\/h5>\r\n<ul data-start=\"347\" data-end=\"892\">\r\n<li data-start=\"347\" data-end=\"560\">\r\n<p data-start=\"349\" data-end=\"560\"><strong data-start=\"349\" data-end=\"373\">Obecn\u00e9 informace:<\/strong><br data-start=\"373\" data-end=\"376\" \/>Ochrana va\u0161ich osobn\u00edch \u00fadaj\u016f je pro n\u00e1s velmi d\u016fle\u017eit\u00e1. Va\u0161e \u00fadaje zpracov\u00e1v\u00e1me v\u00fdhradn\u011b v souladu s pr\u00e1vn\u00edmi po\u017eadavky (nap\u0159. GDPR a dal\u0161\u00edmi platn\u00fdmi z\u00e1kony).<\/p>\r\n<\/li>\r\n<li data-start=\"562\" data-end=\"892\">\r\n<p data-start=\"564\" data-end=\"892\"><strong data-start=\"564\" data-end=\"608\">Shroma\u017e\u010fov\u00e1n\u00ed a ukl\u00e1d\u00e1n\u00ed osobn\u00edch \u00fadaj\u016f:<\/strong><br data-start=\"608\" data-end=\"611\" \/>P\u0159i n\u00e1v\u0161t\u011bv\u011b na\u0161ich webov\u00fdch str\u00e1nek se automaticky shroma\u017e\u010fuj\u00ed ur\u010dit\u00e9 informace, v\u010detn\u011b va\u0161\u00ed IP adresy, typu prohl\u00ed\u017ee\u010de, \u010dasu p\u0159\u00edstupu a nav\u0161t\u00edven\u00fdch str\u00e1nek. Tyto \u00fadaje slou\u017e\u00ed k zaji\u0161t\u011bn\u00ed bezprobl\u00e9mov\u00e9ho provozu na\u0161ich webov\u00fdch str\u00e1nek, k optimalizaci na\u0161\u00ed online prezentace a k udr\u017eov\u00e1n\u00ed IT bezpe\u010dnosti.<\/p>\r\n<\/li>\r\n<\/ul>\r\n<hr data-start=\"894\" data-end=\"897\" \/>\r\n<h5 data-start=\"899\" data-end=\"923\"><strong data-start=\"899\" data-end=\"923\">2. Odpov\u011bdn\u00e1 strana<\/strong><\/h5>\r\n<p data-start=\"925\" data-end=\"1070\">Subjektem odpov\u011bdn\u00fdm za zpracov\u00e1n\u00ed \u00fadaj\u016f na t\u011bchto webov\u00fdch str\u00e1nk\u00e1ch je:<br data-start=\"987\" data-end=\"990\" \/>info@escortprague.agency<br \/>Praha 2, Argentinsk\u00e1 32<br \/>\u010cesk\u00e1 Republika<\/p>\r\n<hr data-start=\"1072\" data-end=\"1075\" \/>\r\n<h5 data-start=\"1077\" data-end=\"1126\"><strong data-start=\"1077\" data-end=\"1126\">3. Shroma\u017e\u010fov\u00e1n\u00ed a zpracov\u00e1n\u00ed osobn\u00edch \u00fadaj\u016f<\/strong><\/h5>\r\n<ul data-start=\"1128\" data-end=\"1585\">\r\n<li data-start=\"1128\" data-end=\"1336\">\r\n<p data-start=\"1130\" data-end=\"1336\"><strong data-start=\"1130\" data-end=\"1156\">P\u0159i n\u00e1v\u0161t\u011bv\u00e1ch webov\u00fdch str\u00e1nek:<\/strong><br data-start=\"1156\" data-end=\"1159\" \/>P\u0159i vstupu na na\u0161e webov\u00e9 str\u00e1nky se automaticky shroma\u017e\u010fuj\u00ed ur\u010dit\u00e9 \u00fadaje. Tyto \u00fadaje jsou zpracov\u00e1v\u00e1ny pro statistick\u00e9 \u00fa\u010dely, pro zlep\u0161en\u00ed na\u0161ich slu\u017eeb a pro zaji\u0161t\u011bn\u00ed bezpe\u010dnosti s\u00edt\u011b.<\/p>\r\n<\/li>\r\n<li data-start=\"1338\" data-end=\"1585\">\r\n<p data-start=\"1340\" data-end=\"1585\"><strong data-start=\"1340\" data-end=\"1385\">P\u0159i pou\u017eit\u00ed na\u0161eho kontaktn\u00edho formul\u00e1\u0159e\/registrace:<\/strong><br data-start=\"1385\" data-end=\"1388\" \/>Pokud n\u00e1m dobrovoln\u011b poskytnete sv\u00e9 osobn\u00ed \u00fadaje (nap\u0159\u00edklad jm\u00e9no, e-mailovou adresu nebo telefonn\u00ed \u010d\u00edslo), pou\u017eijeme tyto informace v\u00fdhradn\u011b ke zpracov\u00e1n\u00ed va\u0161eho dotazu nebo k poskytnut\u00ed po\u017eadovan\u00fdch slu\u017eeb.<\/p>\r\n<\/li>\r\n<\/ul>\r\n<hr data-start=\"1587\" data-end=\"1590\" \/>\r\n<h5 data-start=\"1592\" data-end=\"1606\"><strong data-start=\"1592\" data-end=\"1606\">4. Soubory cookie<\/strong><\/h5>\r\n<p data-start=\"1608\" data-end=\"1888\">Na\u0161e webov\u00e9 str\u00e1nky pou\u017e\u00edvaj\u00ed soubory cookie ke zlep\u0161en\u00ed u\u017eivatelsk\u00e9ho komfortu a ke statistick\u00e9 anal\u00fdze pou\u017e\u00edv\u00e1n\u00ed webov\u00fdch str\u00e1nek. Soubory cookie jsou mal\u00e9 textov\u00e9 soubory ulo\u017een\u00e9 ve va\u0161em za\u0159\u00edzen\u00ed. Soubory cookie m\u016f\u017eete ve sv\u00e9m prohl\u00ed\u017ee\u010di kdykoli zak\u00e1zat; upozor\u0148ujeme v\u0161ak, \u017ee to m\u016f\u017ee omezit plnou funk\u010dnost na\u0161ich webov\u00fdch str\u00e1nek.<\/p>\r\n<hr data-start=\"1890\" data-end=\"1893\" \/>\r\n<h5 data-start=\"1895\" data-end=\"1914\"><strong data-start=\"1895\" data-end=\"1914\">5. Sd\u00edlen\u00ed dat<\/strong><\/h5>\r\n<p data-start=\"1916\" data-end=\"1977\">Va\u0161e osobn\u00ed \u00fadaje nesd\u00edl\u00edme s t\u0159et\u00edmi stranami, pokud:<\/p>\r\n<ul data-start=\"1978\" data-end=\"2172\">\r\n<li data-start=\"1978\" data-end=\"2017\">Existuje k tomu z\u00e1konn\u00e1 povinnost.<\/li>\r\n<li data-start=\"2018\" data-end=\"2074\">S p\u0159ed\u00e1n\u00edm \u00fadaj\u016f jste ud\u011blili v\u00fdslovn\u00fd souhlas.<\/li>\r\n<li data-start=\"2075\" data-end=\"2172\">Je to nezbytn\u00e9 pro zpracov\u00e1n\u00ed smlouvy (nap\u0159\u00edklad sd\u00edlen\u00ed s poskytovateli slu\u017eeb).<\/li>\r\n<\/ul>\r\n<hr data-start=\"2174\" data-end=\"2177\" \/>\r\n<h5 data-start=\"2179\" data-end=\"2199\"><strong data-start=\"2179\" data-end=\"2199\">6. Zabezpe\u010den\u00ed dat<\/strong><\/h5>\r\n<p data-start=\"2201\" data-end=\"2446\">Pou\u017e\u00edv\u00e1me technick\u00e1 a organiza\u010dn\u00ed opat\u0159en\u00ed k ochran\u011b va\u0161ich \u00fadaj\u016f p\u0159ed ztr\u00e1tou, zneu\u017eit\u00edm, neopr\u00e1vn\u011bn\u00fdm p\u0159\u00edstupem nebo nez\u00e1konn\u00fdm zpracov\u00e1n\u00edm. Na\u0161e bezpe\u010dnostn\u00ed opat\u0159en\u00ed jsou pravideln\u011b revidov\u00e1na a aktualizov\u00e1na tak, aby odpov\u00eddala nejnov\u011bj\u0161\u00edm technologick\u00fdm standard\u016fm.<\/p>\r\n<hr data-start=\"2448\" data-end=\"2451\" \/>\r\n<h5 data-start=\"2453\" data-end=\"2471\"><strong data-start=\"2453\" data-end=\"2471\">7. Va\u0161e pr\u00e1va<\/strong><\/h5>\r\n<p data-start=\"2473\" data-end=\"2522\">Jako subjekt \u00fadaj\u016f m\u00e1te n\u00e1sleduj\u00edc\u00ed pr\u00e1va:<\/p>\r\n<ul data-start=\"2523\" data-end=\"3117\">\r\n<li data-start=\"2523\" data-end=\"2624\"><strong data-start=\"2525\" data-end=\"2550\">Pr\u00e1vo na informace:<\/strong> M\u016f\u017eete si vy\u017e\u00e1dat podrobnosti o osobn\u00edch \u00fadaj\u00edch, kter\u00e9 jsme o v\u00e1s ulo\u017eili.<\/li>\r\n<li data-start=\"2625\" data-end=\"2724\"><strong data-start=\"2627\" data-end=\"2654\">Pr\u00e1vo na opravu:<\/strong> M\u00e1te pr\u00e1vo na opravu nep\u0159esn\u00fdch nebo ne\u00fapln\u00fdch \u00fadaj\u016f.<\/li>\r\n<li data-start=\"2725\" data-end=\"2826\"><strong data-start=\"2727\" data-end=\"2748\">Pr\u00e1vo na v\u00fdmaz:<\/strong> Za ur\u010dit\u00fdch podm\u00ednek m\u016f\u017eete po\u017e\u00e1dat o vymaz\u00e1n\u00ed sv\u00fdch osobn\u00edch \u00fadaj\u016f.<\/li>\r\n<li data-start=\"2827\" data-end=\"2925\"><strong data-start=\"2829\" data-end=\"2868\">Pr\u00e1vo na omezen\u00ed zpracov\u00e1n\u00ed:<\/strong> M\u00e1te pr\u00e1vo omezit zpracov\u00e1n\u00ed sv\u00fdch \u00fadaj\u016f.<\/li>\r\n<li data-start=\"2926\" data-end=\"3038\"><strong data-start=\"2928\" data-end=\"2958\">Pr\u00e1vo na p\u0159enositelnost \u00fadaj\u016f:<\/strong> Sv\u00e9 osobn\u00ed \u00fadaje si m\u016f\u017eete vy\u017e\u00e1dat v b\u011b\u017en\u011b pou\u017e\u00edvan\u00e9m, strojov\u011b \u010diteln\u00e9m form\u00e1tu.<\/li>\r\n<li data-start=\"3039\" data-end=\"3117\"><strong data-start=\"3041\" data-end=\"3061\">Pr\u00e1vo vzn\u00e9st n\u00e1mitku:<\/strong> Proti zpracov\u00e1n\u00ed sv\u00fdch osobn\u00edch \u00fadaj\u016f m\u016f\u017eete vzn\u00e9st n\u00e1mitku.<\/li>\r\n<\/ul>\r\n<p data-start=\"3119\" data-end=\"3232\">Chcete-li uplatnit n\u011bkter\u00e9 z t\u011bchto pr\u00e1v, kontaktujte n\u00e1s prost\u0159ednictv\u00edm \u00fadaj\u016f uveden\u00fdch v \u010d\u00e1sti \"Odpov\u011bdn\u00e1 strana\".<\/p>\r\n<hr data-start=\"3234\" data-end=\"3237\" \/>\r\n<h5 data-start=\"3239\" data-end=\"3276\"><strong data-start=\"3239\" data-end=\"3276\">8. Zm\u011bny t\u011bchto z\u00e1sad ochrany osobn\u00edch \u00fadaj\u016f<\/strong><\/h5>\r\n<p data-start=\"3278\" data-end=\"3485\">Vyhrazujeme si pr\u00e1vo aktualizovat tyto z\u00e1sady ochrany osobn\u00edch \u00fadaj\u016f podle pot\u0159eby, abychom vyhov\u011bli aktu\u00e1ln\u00edm pr\u00e1vn\u00edm po\u017eadavk\u016fm nebo zohlednili zm\u011bny v na\u0161ich slu\u017eb\u00e1ch. Aktu\u00e1ln\u00ed verze bude v\u017edy k dispozici na na\u0161ich webov\u00fdch str\u00e1nk\u00e1ch.<\/p>\r\n<hr data-start=\"3487\" data-end=\"3490\" \/>\r\n<h5 data-start=\"3492\" data-end=\"3506\"><strong data-start=\"3492\" data-end=\"3506\">9. Kontakt<\/strong><\/h5>\r\n<p data-start=\"3508\" data-end=\"3610\">M\u00e1te-li jak\u00e9koli dotazy t\u00fdkaj\u00edc\u00ed se ochrany \u00fadaj\u016f nebo chcete-li uplatnit sv\u00e1 pr\u00e1va, kontaktujte n\u00e1s na adrese:<\/p>\r\n<p data-start=\"3612\" data-end=\"3692\">E-mail:\u00a0<span class=\"cmplz-contact-email\">pragueagency777@gmail.com<\/span><br \/><span class=\"cmplz-contact-telephone\">Telefonn\u00ed \u010d\u00edslo: +420 721 899 877<\/span><br \/>Praha 2, Argentinsk\u00e1 32<br \/>\u010cesk\u00e1 Republika<\/p>","protected":false},"excerpt":{"rendered":"<p>1. Ochrana osobn\u00edch \u00fadaj\u016f v kostce Obecn\u00e9 informace:Ochrana va\u0161ich osobn\u00edch \u00fadaj\u016f je pro n\u00e1s velmi d\u016fle\u017eit\u00e1. Va\u0161e \u00fadaje zpracov\u00e1v\u00e1me v\u00fdhradn\u011b v souladu se z\u00e1konn\u00fdmi po\u017eadavky (jako je GDPR a dal\u0161\u00ed platn\u00e9 z\u00e1kony). Shroma\u017e\u010fov\u00e1n\u00ed a ukl\u00e1d\u00e1n\u00ed osobn\u00edch \u00fadaj\u016f: P\u0159i n\u00e1v\u0161t\u011bv\u011b na\u0161ich webov\u00fdch str\u00e1nek se automaticky shroma\u017e\u010fuj\u00ed ur\u010dit\u00e9 informace, v\u010detn\u011b va\u0161\u00ed IP adresy, [...].<\/p>","protected":false},"author":2,"featured_media":0,"parent":0,"menu_order":0,"comment_status":"closed","ping_status":"closed","template":"","meta":{"_acf_changed":false,"footnotes":""},"class_list":["post-9067","page","type-page","status-publish","hentry"],"acf":[],"_links":{"self":[{"href":"https:\/\/escortprague.agency\/cs\/wp-json\/wp\/v2\/pages\/9067","targetHints":{"allow":["GET"]}}],"collection":[{"href":"https:\/\/escortprague.agency\/cs\/wp-json\/wp\/v2\/pages"}],"about":[{"href":"https:\/\/escortprague.agency\/cs\/wp-json\/wp\/v2\/types\/page"}],"author":[{"embeddable":true,"href":"https:\/\/escortprague.agency\/cs\/wp-json\/wp\/v2\/users\/2"}],"replies":[{"embeddable":true,"href":"https:\/\/escortprague.agency\/cs\/wp-json\/wp\/v2\/comments?post=9067"}],"version-history":[{"count":9,"href":"https:\/\/escortprague.agency\/cs\/wp-json\/wp\/v2\/pages\/9067\/revisions"}],"predecessor-version":[{"id":11519,"href":"https:\/\/escortprague.agency\/cs\/wp-json\/wp\/v2\/pages\/9067\/revisions\/11519"}],"wp:attachment":[{"href":"https:\/\/escortprague.agency\/cs\/wp-json\/wp\/v2\/media?parent=9067"}],"curies":[{"name":"wp","href":"https:\/\/api.w.org\/{rel}","templated":true}]}}